{"id":834,"date":"2026-04-01T12:22:13","date_gmt":"2026-04-01T12:22:13","guid":{"rendered":"https:\/\/pylvain.fr\/?page_id=834"},"modified":"2026-04-05T13:32:17","modified_gmt":"2026-04-05T13:32:17","slug":"gestion-du-materiel-informatique","status":"publish","type":"page","link":"https:\/\/pylvain.fr\/?page_id=834","title":{"rendered":"Gestion du mat\u00e9riel informatique"},"content":{"rendered":"\n<p>\u2713 <strong>G\u00e9rer le patrimoine informatique<\/strong><mark><strong><br><\/strong><\/mark><strong>\u2713 Mettre \u00e0 disposition des utilisateurs un service informatique<\/strong><\/p>\n\n\n\n<ul class=\"wp-block-list\">\n<li>R\u00e9paration (changement de pi\u00e8ces, p\u00e2te thermique)<\/li>\n\n\n\n<li>Anticipation des besoins en mat\u00e9riel<\/li>\n\n\n\n<li>Choix du mat\u00e9riel<\/li>\n\n\n\n<li>Recensement du mat\u00e9riel<\/li>\n<\/ul>\n","protected":false},"excerpt":{"rendered":"<p>\u2713 G\u00e9rer le patrimoine informatique\u2713 Mettre \u00e0 disposition des utilisateurs un service informatique<\/p>\n","protected":false},"author":1,"featured_media":0,"parent":0,"menu_order":0,"comment_status":"closed","ping_status":"closed","template":"","meta":{"footnotes":""},"class_list":["post-834","page","type-page","status-publish","hentry"],"_links":{"self":[{"href":"https:\/\/pylvain.fr\/index.php?rest_route=\/wp\/v2\/pages\/834","targetHints":{"allow":["GET"]}}],"collection":[{"href":"https:\/\/pylvain.fr\/index.php?rest_route=\/wp\/v2\/pages"}],"about":[{"href":"https:\/\/pylvain.fr\/index.php?rest_route=\/wp\/v2\/types\/page"}],"author":[{"embeddable":true,"href":"https:\/\/pylvain.fr\/index.php?rest_route=\/wp\/v2\/users\/1"}],"replies":[{"embeddable":true,"href":"https:\/\/pylvain.fr\/index.php?rest_route=%2Fwp%2Fv2%2Fcomments&post=834"}],"version-history":[{"count":3,"href":"https:\/\/pylvain.fr\/index.php?rest_route=\/wp\/v2\/pages\/834\/revisions"}],"predecessor-version":[{"id":841,"href":"https:\/\/pylvain.fr\/index.php?rest_route=\/wp\/v2\/pages\/834\/revisions\/841"}],"wp:attachment":[{"href":"https:\/\/pylvain.fr\/index.php?rest_route=%2Fwp%2Fv2%2Fmedia&parent=834"}],"curies":[{"name":"wp","href":"https:\/\/api.w.org\/{rel}","templated":true}]}}